{"id":8522,"date":"2026-01-09T12:06:46","date_gmt":"2026-01-09T12:06:46","guid":{"rendered":"https:\/\/sescihazlari.com\/?page_id=8522"},"modified":"2026-01-10T08:45:39","modified_gmt":"2026-01-10T08:45:39","slug":"gizlilik-politikasi","status":"publish","type":"page","link":"https:\/\/sescihazlari.com\/en\/gizlilik-politikasi\/","title":{"rendered":"Gizlilik Politikas\u0131"},"content":{"rendered":"<div data-elementor-type=\"wp-page\" data-elementor-id=\"8522\" class=\"elementor elementor-8522\">\n\t\t\t\t<div class=\"elementor-element elementor-element-403d290 e-con-full e-flex e-con e-parent\" data-id=\"403d290\" data-element_type=\"container\">\n\t\t\t\t<div class=\"elementor-element elementor-element-c679514 elementor-widget elementor-widget-elementskit-heading\" data-id=\"c679514\" data-element_type=\"widget\" data-widget_type=\"elementskit-heading.default\">\n\t\t\t\t<div class=\"elementor-widget-container\">\n\t\t\t\t\t<div class=\"ekit-wid-con\" ><div class=\"ekit-heading elementskit-section-title-wraper text_center   ekit_heading_tablet-   ekit_heading_mobile-\"><h2 class=\"ekit-heading--title elementskit-section-title\">Gizlilik <span><span>Politikas\u0131<\/span><\/span><\/h2><div class=\"ekit_heading_separetor_wraper ekit_heading_elementskit-border-divider ekit-dotted\"><div class=\"elementskit-border-divider ekit-dotted\"><\/div><\/div><\/div><\/div>\t\t\t\t<\/div>\n\t\t\t\t<\/div>\n\t\t\t\t<\/div>\n\t\t<div class=\"elementor-element elementor-element-8d64877 e-con-full e-flex e-con e-parent\" data-id=\"8d64877\" data-element_type=\"container\">\n\t\t\t\t<div class=\"elementor-element elementor-element-c6fb075 elementor-widget elementor-widget-text-editor\" data-id=\"c6fb075\" data-element_type=\"widget\" data-widget_type=\"text-editor.default\">\n\t\t\t\t<div class=\"elementor-widget-container\">\n\t\t\t\t\t\t\t\t\t<p><strong>sescihazlari.com<\/strong>\u00a0adresine sipari\u015f veren t\u00fcm kullan\u0131c\u0131lar\u0131n bilgileri sistemimiz taraf\u0131ndan kay\u0131t edilir ve hi\u00e7 bir \u015fekilde \u00fc\u00e7\u00fcnc\u00fc ki\u015filere sat\u0131lamaz, kiralanamaz ve ba\u015fka ama\u00e7lar i\u00e7in kullan\u0131lamaz.\u00a0<strong>sescihazlari.com<\/strong>\u00a0adresine sipari\u015f verme a\u015famas\u0131nda t\u00fcm bilgiler sizin taraf\u0131n\u0131zdan de\u011fi\u015fir ve hi\u00e7 bir \u015fekilde ba\u015fkas\u0131 taraf\u0131ndan m\u00fcdahale edilemez.<\/p><p>\u00dc\u00e7\u00fcnc\u00fc ki\u015filerin sizinle ilgili bilgilere ula\u015fmas\u0131 ve bu bilgileri de\u011fi\u015ftirmesi hi\u00e7 bir \u015fekilde m\u00fcmk\u00fcn de\u011fildir.\u00a0<strong>sescihazlari.com<\/strong>\u00a0sisteminde sipari\u015f veren kullan\u0131c\u0131lar\u0131n izni ve onay\u0131 do\u011frultusunda sadece; elektronik posta arac\u0131l\u0131\u011f\u0131 ile sipari\u015f verdi\u011finiz \u00fcr\u00fcnler hakk\u0131nda bilgiler, kampanyalar ve yeni f\u0131rsat \u00fcr\u00fcnleriyle alakal\u0131 e-mail yay\u0131nlar\u0131 payla\u015f\u0131l\u0131r. Ayr\u0131ca \u0130stedi\u011finiz zaman bu payla\u015f\u0131mlar\u0131 iptal edebilir, iste\u011fe ba\u011fl\u0131 olarak tekrar kampanyalar ve duyurular hakk\u0131nda bilgiler talep edebilirsiniz.<\/p><p>NOT:\u00a0<strong>sescihazlari.com<\/strong>\u00a0adresinden vermi\u015f oldu\u011funuz sipari\u015fler hi\u00e7 kimsenin anlamayaca\u011f\u0131 \u015fekilde paketlenir ve sadece sipari\u015f veren ki\u015finin bilgileri do\u011frultusunda teslim edilir.<\/p>\t\t\t\t\t\t\t\t<\/div>\n\t\t\t\t<\/div>\n\t\t\t\t<\/div>\n\t\t\t\t<\/div>","protected":false},"excerpt":{"rendered":"<p>Gizlilik Politikas\u0131 sescihazlari.com\u00a0adresine sipari\u015f veren t\u00fcm kullan\u0131c\u0131lar\u0131n bilgileri sistemimiz taraf\u0131ndan kay\u0131t edilir ve hi\u00e7 bir \u015fekilde \u00fc\u00e7\u00fcnc\u00fc ki\u015filere sat\u0131lamaz, kiralanamaz ve ba\u015fka ama\u00e7lar i\u00e7in kullan\u0131lamaz.\u00a0sescihazlari.com\u00a0adresine sipari\u015f verme a\u015famas\u0131nda t\u00fcm bilgiler sizin taraf\u0131n\u0131zdan de\u011fi\u015fir ve hi\u00e7 bir \u015fekilde ba\u015fkas\u0131 taraf\u0131ndan m\u00fcdahale edilemez. \u00dc\u00e7\u00fcnc\u00fc ki\u015filerin sizinle ilgili bilgilere ula\u015fmas\u0131 ve bu bilgileri de\u011fi\u015ftirmesi hi\u00e7 bir \u015fekilde m\u00fcmk\u00fcn [&hellip;]<\/p>","protected":false},"author":1,"featured_media":0,"parent":0,"menu_order":0,"comment_status":"closed","ping_status":"closed","template":"","meta":{"site-sidebar-layout":"no-sidebar","site-content-layout":"page-builder","ast-site-content-layout":"full-width-container","site-content-style":"default","site-sidebar-style":"default","ast-global-header-display":"","ast-banner-title-visibility":"","ast-main-header-display":"","ast-hfb-above-header-display":"","ast-hfb-below-header-display":"","ast-hfb-mobile-header-display":"","site-post-title":"","ast-breadcrumbs-content":"","ast-featured-img":"disabled","footer-sml-layout":"","ast-disable-related-posts":"","theme-transparent-header-meta":"","adv-header-id-meta":"","stick-header-meta":"","header-above-stick-meta":"","header-main-stick-meta":"","header-below-stick-meta":"","astra-migrate-meta-layouts":"set","ast-page-background-enabled":"default","ast-page-background-meta":{"desktop":{"background-color":"","background-image":"","background-repeat":"repeat","background-position":"center center","background-size":"auto","background-attachment":"scroll","background-type":"","background-media":"","overlay-type":"","overlay-color":"","overlay-opacity":"","overlay-gradient":""},"tablet":{"background-color":"","background-image":"","background-repeat":"repeat","background-position":"center center","background-size":"auto","background-attachment":"scroll","background-type":"","background-media":"","overlay-type":"","overlay-color":"","overlay-opacity":"","overlay-gradient":""},"mobile":{"background-color":"","background-image":"","background-repeat":"repeat","background-position":"center center","background-size":"auto","background-attachment":"scroll","background-type":"","background-media":"","overlay-type":"","overlay-color":"","overlay-opacity":"","overlay-gradient":""}},"ast-content-background-meta":{"desktop":{"background-color":"var(--ast-global-color-5)","background-image":"","background-repeat":"repeat","background-position":"center center","background-size":"auto","background-attachment":"scroll","background-type":"","background-media":"","overlay-type":"","overlay-color":"","overlay-opacity":"","overlay-gradient":""},"tablet":{"background-color":"var(--ast-global-color-5)","background-image":"","background-repeat":"repeat","background-position":"center center","background-size":"auto","background-attachment":"scroll","background-type":"","background-media":"","overlay-type":"","overlay-color":"","overlay-opacity":"","overlay-gradient":""},"mobile":{"background-color":"var(--ast-global-color-5)","background-image":"","background-repeat":"repeat","background-position":"center center","background-size":"auto","background-attachment":"scroll","background-type":"","background-media":"","overlay-type":"","overlay-color":"","overlay-opacity":"","overlay-gradient":""}},"footnotes":""},"class_list":["post-8522","page","type-page","status-publish","hentry"],"jetpack_sharing_enabled":true,"_links":{"self":[{"href":"https:\/\/sescihazlari.com\/en\/wp-json\/wp\/v2\/pages\/8522","targetHints":{"allow":["GET"]}}],"collection":[{"href":"https:\/\/sescihazlari.com\/en\/wp-json\/wp\/v2\/pages"}],"about":[{"href":"https:\/\/sescihazlari.com\/en\/wp-json\/wp\/v2\/types\/page"}],"author":[{"embeddable":true,"href":"https:\/\/sescihazlari.com\/en\/wp-json\/wp\/v2\/users\/1"}],"replies":[{"embeddable":true,"href":"https:\/\/sescihazlari.com\/en\/wp-json\/wp\/v2\/comments?post=8522"}],"version-history":[{"count":7,"href":"https:\/\/sescihazlari.com\/en\/wp-json\/wp\/v2\/pages\/8522\/revisions"}],"predecessor-version":[{"id":8706,"href":"https:\/\/sescihazlari.com\/en\/wp-json\/wp\/v2\/pages\/8522\/revisions\/8706"}],"wp:attachment":[{"href":"https:\/\/sescihazlari.com\/en\/wp-json\/wp\/v2\/media?parent=8522"}],"curies":[{"name":"wp","href":"https:\/\/api.w.org\/{rel}","templated":true}]}}