{"id":8532,"date":"2026-01-09T12:15:02","date_gmt":"2026-01-09T12:15:02","guid":{"rendered":"https:\/\/sescihazlari.com\/?page_id=8532"},"modified":"2026-01-10T08:46:35","modified_gmt":"2026-01-10T08:46:35","slug":"teslimat-ve-iade","status":"publish","type":"page","link":"https:\/\/sescihazlari.com\/en\/teslimat-ve-iade\/","title":{"rendered":"Teslimat ve \u0130ade"},"content":{"rendered":"<div data-elementor-type=\"wp-page\" data-elementor-id=\"8532\" class=\"elementor elementor-8532\">\n\t\t\t\t<div class=\"elementor-element elementor-element-ffe3c69 e-con-full e-flex e-con e-parent\" data-id=\"ffe3c69\" data-element_type=\"container\">\n\t\t\t\t<div class=\"elementor-element elementor-element-f9c2814 elementor-widget elementor-widget-elementskit-heading\" data-id=\"f9c2814\" data-element_type=\"widget\" data-widget_type=\"elementskit-heading.default\">\n\t\t\t\t<div class=\"elementor-widget-container\">\n\t\t\t\t\t<div class=\"ekit-wid-con\" ><div class=\"ekit-heading elementskit-section-title-wraper text_center   ekit_heading_tablet-   ekit_heading_mobile-\"><h2 class=\"ekit-heading--title elementskit-section-title\">Teslimat ve <span><span>\u0130ade<\/span><\/span><\/h2><div class=\"ekit_heading_separetor_wraper ekit_heading_elementskit-border-divider ekit-dotted\"><div class=\"elementskit-border-divider ekit-dotted\"><\/div><\/div><\/div><\/div>\t\t\t\t<\/div>\n\t\t\t\t<\/div>\n\t\t\t\t<\/div>\n\t\t<div class=\"elementor-element elementor-element-434fca0 e-con-full e-flex e-con e-parent\" data-id=\"434fca0\" data-element_type=\"container\">\n\t\t\t\t<div class=\"elementor-element elementor-element-8a811ac elementor-widget elementor-widget-text-editor\" data-id=\"8a811ac\" data-element_type=\"widget\" data-widget_type=\"text-editor.default\">\n\t\t\t\t<div class=\"elementor-widget-container\">\n\t\t\t\t\t\t\t\t\t<p><strong>sescihazlari.com<\/strong>\u00a0adresinden yap\u0131lan t\u00fcm \u00fcr\u00fcn sat\u0131\u015flar\u0131nda, Aras Kargo g\u00fcvencesi ile 1 ile 3 i\u015f g\u00fcn\u00fc i\u00e7inde g\u00fcvenli bir \u015fekilde teslimat yap\u0131lmaktad\u0131r. Ayr\u0131ca, Aras Kargo d\u0131\u015f\u0131nda di\u011fer kargo firmalar\u0131yla da teslimat yap\u0131labilmektedir. Sipari\u015finiz kargoya verildi\u011finde, kargo takip numaran\u0131z e-posta yoluyla sizlere g\u00f6nderilecektir. Bu sayede kargonuzun durumunu ve teslimat zaman\u0131n\u0131 takip edebilirsiniz.<\/p><p>\u00d6deme se\u00e7eneklerine gelince, \u00fcr\u00fcnler i\u00e7in havale\/EFT y\u00f6ntemiyle \u00f6deme yap\u0131labilir.<\/p>\t\t\t\t\t\t\t\t<\/div>\n\t\t\t\t<\/div>\n\t\t\t\t<\/div>\n\t\t\t\t<\/div>","protected":false},"excerpt":{"rendered":"<p>Teslimat ve \u0130ade sescihazlari.com\u00a0adresinden yap\u0131lan t\u00fcm \u00fcr\u00fcn sat\u0131\u015flar\u0131nda, Aras Kargo g\u00fcvencesi ile 1 ile 3 i\u015f g\u00fcn\u00fc i\u00e7inde g\u00fcvenli bir \u015fekilde teslimat yap\u0131lmaktad\u0131r. Ayr\u0131ca, Aras Kargo d\u0131\u015f\u0131nda di\u011fer kargo firmalar\u0131yla da teslimat yap\u0131labilmektedir. Sipari\u015finiz kargoya verildi\u011finde, kargo takip numaran\u0131z e-posta yoluyla sizlere g\u00f6nderilecektir. Bu sayede kargonuzun durumunu ve teslimat zaman\u0131n\u0131 takip edebilirsiniz. \u00d6deme se\u00e7eneklerine gelince, [&hellip;]<\/p>","protected":false},"author":1,"featured_media":0,"parent":0,"menu_order":0,"comment_status":"closed","ping_status":"closed","template":"","meta":{"site-sidebar-layout":"no-sidebar","site-content-layout":"page-builder","ast-site-content-layout":"full-width-container","site-content-style":"default","site-sidebar-style":"default","ast-global-header-display":"","ast-banner-title-visibility":"","ast-main-header-display":"","ast-hfb-above-header-display":"","ast-hfb-below-header-display":"","ast-hfb-mobile-header-display":"","site-post-title":"","ast-breadcrumbs-content":"","ast-featured-img":"disabled","footer-sml-layout":"","ast-disable-related-posts":"","theme-transparent-header-meta":"","adv-header-id-meta":"","stick-header-meta":"","header-above-stick-meta":"","header-main-stick-meta":"","header-below-stick-meta":"","astra-migrate-meta-layouts":"set","ast-page-background-enabled":"default","ast-page-background-meta":{"desktop":{"background-color":"","background-image":"","background-repeat":"repeat","background-position":"center center","background-size":"auto","background-attachment":"scroll","background-type":"","background-media":"","overlay-type":"","overlay-color":"","overlay-opacity":"","overlay-gradient":""},"tablet":{"background-color":"","background-image":"","background-repeat":"repeat","background-position":"center center","background-size":"auto","background-attachment":"scroll","background-type":"","background-media":"","overlay-type":"","overlay-color":"","overlay-opacity":"","overlay-gradient":""},"mobile":{"background-color":"","background-image":"","background-repeat":"repeat","background-position":"center center","background-size":"auto","background-attachment":"scroll","background-type":"","background-media":"","overlay-type":"","overlay-color":"","overlay-opacity":"","overlay-gradient":""}},"ast-content-background-meta":{"desktop":{"background-color":"var(--ast-global-color-5)","background-image":"","background-repeat":"repeat","background-position":"center center","background-size":"auto","background-attachment":"scroll","background-type":"","background-media":"","overlay-type":"","overlay-color":"","overlay-opacity":"","overlay-gradient":""},"tablet":{"background-color":"var(--ast-global-color-5)","background-image":"","background-repeat":"repeat","background-position":"center center","background-size":"auto","background-attachment":"scroll","background-type":"","background-media":"","overlay-type":"","overlay-color":"","overlay-opacity":"","overlay-gradient":""},"mobile":{"background-color":"var(--ast-global-color-5)","background-image":"","background-repeat":"repeat","background-position":"center center","background-size":"auto","background-attachment":"scroll","background-type":"","background-media":"","overlay-type":"","overlay-color":"","overlay-opacity":"","overlay-gradient":""}},"footnotes":""},"class_list":["post-8532","page","type-page","status-publish","hentry"],"jetpack_sharing_enabled":true,"_links":{"self":[{"href":"https:\/\/sescihazlari.com\/en\/wp-json\/wp\/v2\/pages\/8532","targetHints":{"allow":["GET"]}}],"collection":[{"href":"https:\/\/sescihazlari.com\/en\/wp-json\/wp\/v2\/pages"}],"about":[{"href":"https:\/\/sescihazlari.com\/en\/wp-json\/wp\/v2\/types\/page"}],"author":[{"embeddable":true,"href":"https:\/\/sescihazlari.com\/en\/wp-json\/wp\/v2\/users\/1"}],"replies":[{"embeddable":true,"href":"https:\/\/sescihazlari.com\/en\/wp-json\/wp\/v2\/comments?post=8532"}],"version-history":[{"count":7,"href":"https:\/\/sescihazlari.com\/en\/wp-json\/wp\/v2\/pages\/8532\/revisions"}],"predecessor-version":[{"id":8712,"href":"https:\/\/sescihazlari.com\/en\/wp-json\/wp\/v2\/pages\/8532\/revisions\/8712"}],"wp:attachment":[{"href":"https:\/\/sescihazlari.com\/en\/wp-json\/wp\/v2\/media?parent=8532"}],"curies":[{"name":"wp","href":"https:\/\/api.w.org\/{rel}","templated":true}]}}