{"id":8481,"date":"2026-01-09T11:00:26","date_gmt":"2026-01-09T11:00:26","guid":{"rendered":"https:\/\/sescihazlari.com\/?post_type=product&#038;p=8481"},"modified":"2026-01-12T18:23:44","modified_gmt":"2026-01-12T18:23:44","slug":"profesyonel-ses-sensorlu-dinleme-cihazi","status":"publish","type":"product","link":"https:\/\/sescihazlari.com\/en\/product\/profesyonel-ses-sensorlu-dinleme-cihazi\/","title":{"rendered":"Profesyonel Uzaktan Eri\u015fim Cihaz\u0131"},"content":{"rendered":"<div class=\"ics_urun_detay\">\n<h2><\/h2>\n<\/div>\n<div class=\"ics_urn_common\">\n<hr \/>\n<p>D\u00fcnyan\u0131n her yerinden Eri\u015fim + konum takibi<\/p>\n<hr \/>\n<p>Geri aramal\u0131 ses sens\u00f6r \u00f6zelli\u011fi<\/p>\n<hr \/>\n<p>G\u00fc\u00e7l\u00fc \u00e7ift mikrofon ve net ses dinleme<\/p>\n<hr \/>\n<p>Aral\u0131ks\u0131z 5 saatlik \u015farj s\u00fcresi<\/p>\n<hr \/>\n<p>Ara ara kullan\u0131mlarda 3-4 g\u00fcnl\u00fck \u015farj s\u00fcresi<\/p>\n<hr \/>\n<p>Harici power bank veya elektri\u011fe ba\u011fl\u0131 \u00e7al\u0131\u015fabilme<\/p>\n<hr \/>\n<p>\u00dcr\u00fcn boyutlar\u0131: 4 * 3 * 1.4 cm. A\u011f\u0131rl\u0131k: 60 gr.<\/p>\n<hr \/>\n<p>2 Y\u0131l ithalat\u00e7\u0131 firma<\/p>\n<hr \/>\n<h2><span style=\"font-size: medium;\">Ses Sens\u00f6rl\u00fc Canl\u0131 Dinleme ve Takip Cihaz\u0131 Kullan\u0131m\u0131<\/span><\/h2>\n<p>\u0130ncelemekte oldu\u011funuz \u00fcr\u00fcn\u00fcn T\u00fcrk\u00e7e kullanma k\u0131lavuzu ve videosu \u00fcr\u00fcnle beraber siz de\u011ferli m\u00fc\u015fterilerimize g\u00f6nderilmektedir. Ayr\u0131ca kullan\u0131m esnas\u0131nda soru ve sorunlar\u0131n\u0131z i\u00e7in 7\/24 teknik destek servisimize ula\u015fabilirsiniz.<\/p>\n<\/div>","protected":false},"excerpt":{"rendered":"<h2><span style=\"font-size: medium;\">Ses Sens\u00f6rl\u00fc Canl\u0131 Dinleme ve Takip Cihaz\u0131 Kullan\u0131m\u0131<\/span><\/h2>\n<p>\u0130ncelemekte oldu\u011funuz \u00fcr\u00fcn\u00fcn T\u00fcrk\u00e7e kullanma k\u0131lavuzu ve videosu \u00fcr\u00fcnle beraber siz de\u011ferli m\u00fc\u015fterilerimize g\u00f6nderilmektedir. Ayr\u0131ca kullan\u0131m esnas\u0131nda soru ve sorunlar\u0131n\u0131z i\u00e7in 7\/24 teknik destek servisimize ula\u015fabilirsiniz.<\/p>","protected":false},"featured_media":8497,"comment_status":"open","ping_status":"closed","template":"","meta":{"site-sidebar-layout":"default","site-content-layout":"","ast-site-content-layout":"default","site-content-style":"default","site-sidebar-style":"default","ast-global-header-display":"","ast-banner-title-visibility":"","ast-main-header-display":"","ast-hfb-above-header-display":"","ast-hfb-below-header-display":"","ast-hfb-mobile-header-display":"","site-post-title":"","ast-breadcrumbs-content":"","ast-featured-img":"","footer-sml-layout":"","ast-disable-related-posts":"","theme-transparent-header-meta":"default","adv-header-id-meta":"","stick-header-meta":"","header-above-stick-meta":"","header-main-stick-meta":"","header-below-stick-meta":"","astra-migrate-meta-layouts":"set","ast-page-background-enabled":"default","ast-page-background-meta":{"desktop":{"background-color":"","background-image":"","background-repeat":"repeat","background-position":"center center","background-size":"auto","background-attachment":"scroll","background-type":"","background-media":"","overlay-type":"","overlay-color":"","overlay-opacity":"","overlay-gradient":""},"tablet":{"background-color":"","background-image":"","background-repeat":"repeat","background-position":"center center","background-size":"auto","background-attachment":"scroll","background-type":"","background-media":"","overlay-type":"","overlay-color":"","overlay-opacity":"","overlay-gradient":""},"mobile":{"background-color":"","background-image":"","background-repeat":"repeat","background-position":"center center","background-size":"auto","background-attachment":"scroll","background-type":"","background-media":"","overlay-type":"","overlay-color":"","overlay-opacity":"","overlay-gradient":""}},"ast-content-background-meta":{"desktop":{"background-color":"var(--ast-global-color-5)","background-image":"","background-repeat":"repeat","background-position":"center center","background-size":"auto","background-attachment":"scroll","background-type":"","background-media":"","overlay-type":"","overlay-color":"","overlay-opacity":"","overlay-gradient":""},"tablet":{"background-color":"var(--ast-global-color-5)","background-image":"","background-repeat":"repeat","background-position":"center center","background-size":"auto","background-attachment":"scroll","background-type":"","background-media":"","overlay-type":"","overlay-color":"","overlay-opacity":"","overlay-gradient":""},"mobile":{"background-color":"var(--ast-global-color-5)","background-image":"","background-repeat":"repeat","background-position":"center center","background-size":"auto","background-attachment":"scroll","background-type":"","background-media":"","overlay-type":"","overlay-color":"","overlay-opacity":"","overlay-gradient":""}}},"product_brand":[],"product_cat":[15,45],"product_tag":[],"class_list":{"0":"post-8481","1":"product","2":"type-product","3":"status-publish","4":"has-post-thumbnail","6":"product_cat-genel","7":"product_cat-ses-kayit","8":"desktop-align-left","9":"tablet-align-left","10":"mobile-align-left","12":"first","13":"instock","14":"sale","15":"featured","16":"shipping-taxable","17":"purchasable","18":"product-type-simple"},"jetpack_sharing_enabled":true,"_links":{"self":[{"href":"https:\/\/sescihazlari.com\/en\/wp-json\/wp\/v2\/product\/8481","targetHints":{"allow":["GET"]}}],"collection":[{"href":"https:\/\/sescihazlari.com\/en\/wp-json\/wp\/v2\/product"}],"about":[{"href":"https:\/\/sescihazlari.com\/en\/wp-json\/wp\/v2\/types\/product"}],"replies":[{"embeddable":true,"href":"https:\/\/sescihazlari.com\/en\/wp-json\/wp\/v2\/comments?post=8481"}],"wp:featuredmedia":[{"embeddable":true,"href":"https:\/\/sescihazlari.com\/en\/wp-json\/wp\/v2\/media\/8497"}],"wp:attachment":[{"href":"https:\/\/sescihazlari.com\/en\/wp-json\/wp\/v2\/media?parent=8481"}],"wp:term":[{"taxonomy":"product_brand","embeddable":true,"href":"https:\/\/sescihazlari.com\/en\/wp-json\/wp\/v2\/product_brand?post=8481"},{"taxonomy":"product_cat","embeddable":true,"href":"https:\/\/sescihazlari.com\/en\/wp-json\/wp\/v2\/product_cat?post=8481"},{"taxonomy":"product_tag","embeddable":true,"href":"https:\/\/sescihazlari.com\/en\/wp-json\/wp\/v2\/product_tag?post=8481"}],"curies":[{"name":"wp","href":"https:\/\/api.w.org\/{rel}","templated":true}]}}