{"id":8770,"date":"2026-01-11T13:24:54","date_gmt":"2026-01-11T13:24:54","guid":{"rendered":"https:\/\/sescihazlari.com\/?post_type=product&#038;p=8770"},"modified":"2026-01-11T19:55:32","modified_gmt":"2026-01-11T19:55:32","slug":"uzaktan-erisim-destekli-ses-kayit-cihazi","status":"publish","type":"product","link":"https:\/\/sescihazlari.com\/en\/product\/uzaktan-erisim-destekli-ses-kayit-cihazi\/","title":{"rendered":"Uzaktan eri\u015fim destekli ses kay\u0131t cihaz\u0131"},"content":{"rendered":"<table id=\"table1500\" class=\"ics_urun_aciklamasi\" border=\"0\" width=\"379\" cellpadding=\"0\">\n<tbody>\n<tr>\n<td class=\"ics_teknik_baslik\" align=\"left\" width=\"18\" height=\"17\">&gt;<\/td>\n<td class=\"ics_urun_aciklamasi\" width=\"361\" height=\"17\">GSM destekli ileti\u015fim \u00f6zelli\u011fi<\/td>\n<\/tr>\n<tr>\n<td class=\"ics_teknik_baslik\" align=\"left\" width=\"18\" height=\"17\">&gt;<\/td>\n<td class=\"ics_urun_aciklamasi\" width=\"361\" height=\"17\">Kesintisiz online duyma imkan\u0131<\/td>\n<\/tr>\n<tr>\n<td class=\"ics_teknik_baslik\" align=\"left\" width=\"18\" height=\"17\">&gt;<\/td>\n<td class=\"ics_urun_aciklamasi\" width=\"361\" height=\"17\">Geri aramal\u0131 sens\u00f6r \u00f6zelli\u011fi<\/td>\n<\/tr>\n<tr>\n<td class=\"ics_teknik_baslik\" align=\"left\" width=\"18\" height=\"17\">&gt;<\/td>\n<td class=\"ics_urun_aciklamasi\" width=\"361\" height=\"17\">G\u00fc\u00e7l\u00fc \u00e7ift mikrofonlu ses alg\u0131lama<\/td>\n<\/tr>\n<tr>\n<td class=\"ics_teknik_baslik\" align=\"left\" width=\"18\" height=\"17\">&gt;<\/td>\n<td class=\"ics_urun_aciklamasi\" width=\"361\" height=\"17\">Yurti\u00e7i ve yurt d\u0131\u015f\u0131ndan online duyma imkan\u0131<\/td>\n<\/tr>\n<tr>\n<td class=\"ics_teknik_baslik\" align=\"center\" width=\"18\" height=\"17\">\n<p align=\"left\">&gt;<\/p>\n<\/td>\n<td width=\"361\" height=\"17\">\u00c7al\u0131\u015fma esnas\u0131nda belirgin \u00f6zellik g\u00f6stermez<\/td>\n<\/tr>\n<\/tbody>\n<\/table>","protected":false},"excerpt":{"rendered":"<p>\u0130ncelemekte oldu\u011funuz \u00fcr\u00fcn\u00fcn T\u00fcrk\u00e7e kullanma k\u0131lavuzu ve videosu \u00fcr\u00fcnle beraber siz de\u011ferli m\u00fc\u015fterilerimize g\u00f6nderilmektedir. Ayr\u0131ca kullan\u0131m esnas\u0131nda soru ve sorunlar\u0131n\u0131z i\u00e7in 7\/24 teknik destek servisimize ula\u015fabilirsiniz.<\/p>","protected":false},"featured_media":8771,"comment_status":"open","ping_status":"closed","template":"","meta":{"site-sidebar-layout":"default","site-content-layout":"","ast-site-content-layout":"default","site-content-style":"default","site-sidebar-style":"default","ast-global-header-display":"","ast-banner-title-visibility":"","ast-main-header-display":"","ast-hfb-above-header-display":"","ast-hfb-below-header-display":"","ast-hfb-mobile-header-display":"","site-post-title":"","ast-breadcrumbs-content":"","ast-featured-img":"","footer-sml-layout":"","ast-disable-related-posts":"","theme-transparent-header-meta":"default","adv-header-id-meta":"","stick-header-meta":"","header-above-stick-meta":"","header-main-stick-meta":"","header-below-stick-meta":"","astra-migrate-meta-layouts":"set","ast-page-background-enabled":"default","ast-page-background-meta":{"desktop":{"background-color":"","background-image":"","background-repeat":"repeat","background-position":"center center","background-size":"auto","background-attachment":"scroll","background-type":"","background-media":"","overlay-type":"","overlay-color":"","overlay-opacity":"","overlay-gradient":""},"tablet":{"background-color":"","background-image":"","background-repeat":"repeat","background-position":"center center","background-size":"auto","background-attachment":"scroll","background-type":"","background-media":"","overlay-type":"","overlay-color":"","overlay-opacity":"","overlay-gradient":""},"mobile":{"background-color":"","background-image":"","background-repeat":"repeat","background-position":"center center","background-size":"auto","background-attachment":"scroll","background-type":"","background-media":"","overlay-type":"","overlay-color":"","overlay-opacity":"","overlay-gradient":""}},"ast-content-background-meta":{"desktop":{"background-color":"var(--ast-global-color-5)","background-image":"","background-repeat":"repeat","background-position":"center center","background-size":"auto","background-attachment":"scroll","background-type":"","background-media":"","overlay-type":"","overlay-color":"","overlay-opacity":"","overlay-gradient":""},"tablet":{"background-color":"var(--ast-global-color-5)","background-image":"","background-repeat":"repeat","background-position":"center center","background-size":"auto","background-attachment":"scroll","background-type":"","background-media":"","overlay-type":"","overlay-color":"","overlay-opacity":"","overlay-gradient":""},"mobile":{"background-color":"var(--ast-global-color-5)","background-image":"","background-repeat":"repeat","background-position":"center center","background-size":"auto","background-attachment":"scroll","background-type":"","background-media":"","overlay-type":"","overlay-color":"","overlay-opacity":"","overlay-gradient":""}}},"product_brand":[],"product_cat":[15,45],"product_tag":[47],"class_list":{"0":"post-8770","1":"product","2":"type-product","3":"status-publish","4":"has-post-thumbnail","6":"product_cat-genel","7":"product_cat-ses-kayit","8":"product_tag-gizli-ses-kayit","9":"desktop-align-left","10":"tablet-align-left","11":"mobile-align-left","13":"first","14":"instock","15":"sale","16":"shipping-taxable","17":"purchasable","18":"product-type-simple"},"jetpack_sharing_enabled":true,"_links":{"self":[{"href":"https:\/\/sescihazlari.com\/en\/wp-json\/wp\/v2\/product\/8770","targetHints":{"allow":["GET"]}}],"collection":[{"href":"https:\/\/sescihazlari.com\/en\/wp-json\/wp\/v2\/product"}],"about":[{"href":"https:\/\/sescihazlari.com\/en\/wp-json\/wp\/v2\/types\/product"}],"replies":[{"embeddable":true,"href":"https:\/\/sescihazlari.com\/en\/wp-json\/wp\/v2\/comments?post=8770"}],"wp:featuredmedia":[{"embeddable":true,"href":"https:\/\/sescihazlari.com\/en\/wp-json\/wp\/v2\/media\/8771"}],"wp:attachment":[{"href":"https:\/\/sescihazlari.com\/en\/wp-json\/wp\/v2\/media?parent=8770"}],"wp:term":[{"taxonomy":"product_brand","embeddable":true,"href":"https:\/\/sescihazlari.com\/en\/wp-json\/wp\/v2\/product_brand?post=8770"},{"taxonomy":"product_cat","embeddable":true,"href":"https:\/\/sescihazlari.com\/en\/wp-json\/wp\/v2\/product_cat?post=8770"},{"taxonomy":"product_tag","embeddable":true,"href":"https:\/\/sescihazlari.com\/en\/wp-json\/wp\/v2\/product_tag?post=8770"}],"curies":[{"name":"wp","href":"https:\/\/api.w.org\/{rel}","templated":true}]}}